{"id":2,"date":"2008-10-10T16:35:59","date_gmt":"2008-10-10T19:35:59","guid":{"rendered":"http:\/\/www.encontrasantana.com.br\/blog\/?page_id=2"},"modified":"2014-03-18T16:06:13","modified_gmt":"2014-03-18T19:06:13","slug":"envie-noticia","status":"publish","type":"page","link":"https:\/\/www.encontrasantana.com.br\/sobre\/envie-noticia\/","title":{"rendered":"Envie Not\u00edcia"},"content":{"rendered":"<div class=\"1acf8468e559fd3cbeec5aee3a269a52\" data-index=\"1\" style=\"float: none; margin:0px;\">\n<!-- Anuncio display - global -->\r\n<ins class=\"adsbygoogle\"\r\n     style=\"display:block\"\r\n     data-ad-client=\"ca-pub-8585364105181520\"\r\n     data-ad-slot=\"8789329856\"\r\n     data-ad-format=\"auto\"\r\n     data-full-width-responsive=\"true\"><\/ins>\r\n<script>\r\n     (adsbygoogle = window.adsbygoogle || []).push({});\r\n<\/script>\n<\/div>\n<p>Qualquer pessoa ou institui\u00e7\u00e3o pode participar do blog enviando:<\/p>\n<div>\n<p><strong>\u00bb Not\u00edcias:\u00a0<\/strong>qualquer assunto ou not\u00edcia relevante relacionado ao bairro.<br \/>\n<strong>\u00bb Eventos e Cursos:<\/strong>\u00a0feiras, shows ou qualquer outro evento no bairro.<br \/>\n<strong>\u00bb Recomenda\u00e7\u00f5es:<\/strong>\u00a0dicas de com\u00e9rcios, servi\u00e7os ou lazer no bairro.<br \/>\n<strong>\u00bb Sugest\u00f5es e Reclama\u00e7\u00f5es:<\/strong>\u00a0fatos que dizem respeito ao bairro.<br \/>\n<strong>\u00bb Espa\u00e7o Morador:<\/strong>\u00a0assuntos ou ideias a serem implantadas no bairro.<\/p>\n<p><strong>COMO ENVIAR NOT\u00cdCIAS:\u2026\u2026\u2026\u2026\u2026\u2026\u2026\u2026\u2026\u2026\u2026\u2026\u2026\u2026\u2026\u2026\u2026\u2026\u2026\u2026\u2026<\/strong><\/p>\n<p>O e-mail para envio \u00e9:\u00a0<img loading=\"lazy\" decoding=\"async\" class=\"alignnone\" alt=\"\" src=\"http:\/\/www.encontrasaopaulo.com.br\/imgs\/email-encontra-blog.jpg\" width=\"174\" height=\"22\" \/><\/p>\n<\/div>\n\n<div style=\"font-size: 0px; height: 0px; line-height: 0px; margin: 0; padding: 0; clear: both;\"><\/div>","protected":false},"excerpt":{"rendered":"<p>Qualquer pessoa ou institui\u00e7\u00e3o pode participar do blog enviando: \u00bb Not\u00edcias:\u00a0qualquer assunto ou not\u00edcia relevante relacionado ao bairro. \u00bb Eventos e Cursos:\u00a0feiras, shows ou qualquer outro evento no bairro. \u00bb Recomenda\u00e7\u00f5es:\u00a0dicas de com\u00e9rcios, servi\u00e7os ou lazer no bairro. \u00bb Sugest\u00f5es e Reclama\u00e7\u00f5es:\u00a0fatos que dizem respeito ao bairro. \u00bb Espa\u00e7o Morador:\u00a0assuntos ou ideias a serem implantadas no bairro. COMO ENVIAR NOT\u00cdCIAS:\u2026\u2026\u2026\u2026\u2026\u2026\u2026\u2026\u2026\u2026\u2026\u2026\u2026\u2026\u2026\u2026\u2026\u2026\u2026\u2026\u2026 O e-mail para envio \u00e9:\u00a0<\/p>\n","protected":false},"author":1,"featured_media":0,"parent":0,"menu_order":0,"comment_status":"open","ping_status":"open","template":"","meta":{"footnotes":""},"class_list":["post-2","page","type-page","status-publish","hentry"],"aioseo_notices":[],"_links":{"self":[{"href":"https:\/\/www.encontrasantana.com.br\/sobre\/wp-json\/wp\/v2\/pages\/2"}],"collection":[{"href":"https:\/\/www.encontrasantana.com.br\/sobre\/wp-json\/wp\/v2\/pages"}],"about":[{"href":"https:\/\/www.encontrasantana.com.br\/sobre\/wp-json\/wp\/v2\/types\/page"}],"author":[{"embeddable":true,"href":"https:\/\/www.encontrasantana.com.br\/sobre\/wp-json\/wp\/v2\/users\/1"}],"replies":[{"embeddable":true,"href":"https:\/\/www.encontrasantana.com.br\/sobre\/wp-json\/wp\/v2\/comments?post=2"}],"version-history":[{"count":0,"href":"https:\/\/www.encontrasantana.com.br\/sobre\/wp-json\/wp\/v2\/pages\/2\/revisions"}],"wp:attachment":[{"href":"https:\/\/www.encontrasantana.com.br\/sobre\/wp-json\/wp\/v2\/media?parent=2"}],"curies":[{"name":"wp","href":"https:\/\/api.w.org\/{rel}","templated":true}]}}